{"id":265,"date":"2018-04-06T13:29:25","date_gmt":"2018-04-06T11:29:25","guid":{"rendered":"http:\/\/kayakingtours.md\/?page_id=265"},"modified":"2021-05-20T09:09:50","modified_gmt":"2021-05-20T07:09:50","slug":"despre-noi","status":"publish","type":"page","link":"https:\/\/www.kayakingtours.md\/ro\/despre-noi\/","title":{"rendered":"Despre Noi"},"content":{"rendered":"<p>Kayakingtours.md este parte a companiei Hai la \u0162ar\u0103, creat\u0103 \u00een anul 2013 \u015fi care are drept \u00a0scop crearea unui model scalabil \u015fi durabil pentru turismul receptor din Moldova. Fiecare gospod\u0103rie din mediul rural, de obicei are 2 case: una mic\u0103 \u0219i veche, unde au tr\u0103it bunicii \u0219i o cas\u0103 nou\u0103. Locuitorii prefer\u0103 s\u0103 tr\u0103iasc\u0103 \u00een casa mic\u0103, \u00een timp ce Casa Mare este considerat\u0103 pentru oaspe\u021bi. Compania noastr\u0103 \u0219i-a propus drept scop s\u0103 creeze o infrastructur\u0103 pentru g\u0103zduirea turi\u0219tilor \u00een baza resurselor existente \u015fi s\u0103 dea posibiltatea locuitorilor din sate s\u0103 aib\u0103 un venit adi\u0163ional, din darea \u00een arend\u0103 a spa\u0163iilor sale de locuit.<\/p>\n<p>Ast\u0103zi, Hai la Tara este o re\u021bea de 275 de case de vacan\u021b\u0103 \u00een 72 de localit\u0103\u021bi, unde oricine se poate caza \u0219i explora \u021bara. Experien\u021ba a ar\u0103tat c\u0103 numai oferta de cazare nu a fost suficient\u0103 pentru a atrage turi\u0219tii \u00een mediul rural, c\u0103ci pe l\u00eeng\u0103 locul de cazare, turi\u015ftii au nevoie de experien\u0163e noi, de activit\u0103\u0163i interesante, iar acestea, cu siguran\u0163\u0103, sunt foarte pu\u0163ine.<\/p>\n<p>\u00cencerc\u00e2nd s\u0103 satisfacem nevoile pentru cererea \u00een cre\u0219tere, trebuia s\u0103 ne adapt\u0103m la ceea ce-\u015fi doresc cu adev\u0103rat turi\u0219tii \u0219i s\u0103 continu\u0103m s\u0103 facem ceva unic. Este uimitor, dar ast\u0103zi chiar \u0219i localnicii nu \u0219tiu ce ar putea oferi aceast\u0103 \u021bar\u0103. \u0218i suntem m\u00e2ndri c\u0103 suntem printre primii care dezvolt\u0103 ofertele de turism local pentru Dumneavoastr\u0103.<\/p>\n<p>La data de 20 mai 2021, compania noastr\u0103 de\u021bine kayakuri pentur 130+ persoane, 3 remorci pentru kayakuri si biciclete, peste 30 de biciclete \u0219i multipli parteneri gata s\u0103 v\u0103 ajute s\u0103 descoperi\u0163i Moldova \u015fi s\u0103 V\u0103 \u00eendr\u0103gosti\u0163i de ea a\u015fa cum o vedem noi!<\/p>\n","protected":false},"excerpt":{"rendered":"<p>Kayakingtours.md este parte a companiei Hai la \u0162ar\u0103, creat\u0103 \u00een anul 2013 \u015fi care are drept \u00a0scop crearea unui model scalabil \u015fi durabil pentru turismul receptor din Moldova. Fiecare gospod\u0103rie din mediul rural, de obicei are 2 case: una mic\u0103 \u0219i veche, unde au tr\u0103it bunicii \u0219i o cas\u0103 nou\u0103. Locuitorii prefer\u0103 s\u0103 tr\u0103iasc\u0103 \u00een &hellip; <a href=\"https:\/\/www.kayakingtours.md\/ro\/despre-noi\/\" class=\"more-link\">Continue reading <span class=\"screen-reader-text\">Despre Noi<\/span> <span class=\"meta-nav\">&rarr;<\/span><\/a><\/p>\n","protected":false},"author":2,"featured_media":561,"parent":0,"menu_order":0,"comment_status":"closed","ping_status":"closed","template":"page-about.php","meta":{"_acf_changed":false,"_monsterinsights_skip_tracking":false,"_monsterinsights_sitenote_active":false,"_monsterinsights_sitenote_note":"","_monsterinsights_sitenote_category":0,"footnotes":""},"class_list":["post-265","page","type-page","status-publish","has-post-thumbnail","hentry"],"acf":[],"_links":{"self":[{"href":"https:\/\/www.kayakingtours.md\/ro\/wp-json\/wp\/v2\/pages\/265","targetHints":{"allow":["GET"]}}],"collection":[{"href":"https:\/\/www.kayakingtours.md\/ro\/wp-json\/wp\/v2\/pages"}],"about":[{"href":"https:\/\/www.kayakingtours.md\/ro\/wp-json\/wp\/v2\/types\/page"}],"author":[{"embeddable":true,"href":"https:\/\/www.kayakingtours.md\/ro\/wp-json\/wp\/v2\/users\/2"}],"replies":[{"embeddable":true,"href":"https:\/\/www.kayakingtours.md\/ro\/wp-json\/wp\/v2\/comments?post=265"}],"version-history":[{"count":6,"href":"https:\/\/www.kayakingtours.md\/ro\/wp-json\/wp\/v2\/pages\/265\/revisions"}],"predecessor-version":[{"id":1562,"href":"https:\/\/www.kayakingtours.md\/ro\/wp-json\/wp\/v2\/pages\/265\/revisions\/1562"}],"wp:featuredmedia":[{"embeddable":true,"href":"https:\/\/www.kayakingtours.md\/ro\/wp-json\/wp\/v2\/media\/561"}],"wp:attachment":[{"href":"https:\/\/www.kayakingtours.md\/ro\/wp-json\/wp\/v2\/media?parent=265"}],"curies":[{"name":"wp","href":"https:\/\/api.w.org\/{rel}","templated":true}]}}